{"id":1412,"date":"2025-06-30T15:41:10","date_gmt":"2025-06-30T15:41:10","guid":{"rendered":"https:\/\/prueba.latorredehortaleza.org\/?page_id=1412"},"modified":"2025-07-07T19:11:06","modified_gmt":"2025-07-07T17:11:06","slug":"ocio-y-tiempo-libre","status":"publish","type":"page","link":"https:\/\/prueba.latorredehortaleza.org\/?page_id=1412","title":{"rendered":"\u00c1rea Ocio y Tiempo Libre"},"content":{"rendered":"\t\t<div data-elementor-type=\"wp-page\" data-elementor-id=\"1412\" class=\"elementor elementor-1412\">\n\t\t\t\t<div class=\"elementor-element elementor-element-94175b2 e-con-full e-flex e-con e-parent\" data-id=\"94175b2\" data-element_type=\"container\" data-settings=\"{&quot;background_background&quot;:&quot;classic&quot;}\">\n\t\t\t\t<div class=\"elementor-element elementor-element-a7af355 elementor-widget elementor-widget-heading\" data-id=\"a7af355\" data-element_type=\"widget\" data-widget_type=\"heading.default\">\n\t\t\t\t\t<h2 class=\"elementor-heading-title elementor-size-default\">\u00c1REA OCIO Y TIEMPO LIBRE<\/h2>\t\t\t\t<\/div>\n\t\t\t\t<\/div>\n\t\t<div class=\"elementor-element elementor-element-7f90cee e-con-full e-flex e-con e-child\" data-id=\"7f90cee\" data-element_type=\"container\" data-settings=\"{&quot;background_background&quot;:&quot;classic&quot;}\">\n\t\t\t\t<\/div>\n\t\t<div class=\"elementor-element elementor-element-12a3fae e-con-full e-flex e-con e-parent\" data-id=\"12a3fae\" data-element_type=\"container\" data-settings=\"{&quot;background_background&quot;:&quot;classic&quot;}\">\n\t\t<div class=\"elementor-element elementor-element-76f13d8 e-con-full e-flex e-con e-child\" data-id=\"76f13d8\" data-element_type=\"container\" data-settings=\"{&quot;background_background&quot;:&quot;classic&quot;}\">\n\t\t\t\t<div class=\"elementor-element elementor-element-a2fe478 elementor-view-default elementor-widget elementor-widget-icon\" data-id=\"a2fe478\" data-element_type=\"widget\" data-widget_type=\"icon.default\">\n\t\t\t\t\t\t\t<div class=\"elementor-icon-wrapper\">\n\t\t\t<div class=\"elementor-icon\">\n\t\t\t<svg aria-hidden=\"true\" class=\"e-font-icon-svg e-far-paper-plane\" viewBox=\"0 0 512 512\" xmlns=\"http:\/\/www.w3.org\/2000\/svg\"><path d=\"M440 6.5L24 246.4c-34.4 19.9-31.1 70.8 5.7 85.9L144 379.6V464c0 46.4 59.2 65.5 86.6 28.6l43.8-59.1 111.9 46.2c5.9 2.4 12.1 3.6 18.3 3.6 8.2 0 16.3-2.1 23.6-6.2 12.8-7.2 21.6-20 23.9-34.5l59.4-387.2c6.1-40.1-36.9-68.8-71.5-48.9zM192 464v-64.6l36.6 15.1L192 464zm212.6-28.7l-153.8-63.5L391 169.5c10.7-15.5-9.5-33.5-23.7-21.2L155.8 332.6 48 288 464 48l-59.4 387.3z\"><\/path><\/svg>\t\t\t<\/div>\n\t\t<\/div>\n\t\t\t\t\t\t<\/div>\n\t\t\t\t<div class=\"elementor-element elementor-element-a3858ce elementor-widget__width-initial elementor-widget elementor-widget-text-editor\" data-id=\"a3858ce\" data-element_type=\"widget\" data-widget_type=\"text-editor.default\">\n\t\t\t\t\t\t\t\t\t<p style=\"text-align: center;\"><strong data-start=\"172\" data-end=\"230\">Ofrecer alternativas de ocio y tiempo libre saludables<\/strong> en un entorno seguro y participativo.<\/p>\t\t\t\t\t\t\t\t<\/div>\n\t\t\t\t<\/div>\n\t\t<div class=\"elementor-element elementor-element-d39a69a e-con-full e-flex e-con e-child\" data-id=\"d39a69a\" data-element_type=\"container\">\n\t\t\t\t<div class=\"elementor-element elementor-element-204ab2a elementor-view-default elementor-widget elementor-widget-icon\" data-id=\"204ab2a\" data-element_type=\"widget\" data-widget_type=\"icon.default\">\n\t\t\t\t\t\t\t<div class=\"elementor-icon-wrapper\">\n\t\t\t<div class=\"elementor-icon\">\n\t\t\t<svg aria-hidden=\"true\" class=\"e-font-icon-svg e-fas-microphone\" viewBox=\"0 0 352 512\" xmlns=\"http:\/\/www.w3.org\/2000\/svg\"><path d=\"M176 352c53.02 0 96-42.98 96-96V96c0-53.02-42.98-96-96-96S80 42.98 80 96v160c0 53.02 42.98 96 96 96zm160-160h-16c-8.84 0-16 7.16-16 16v48c0 74.8-64.49 134.82-140.79 127.38C96.71 376.89 48 317.11 48 250.3V208c0-8.84-7.16-16-16-16H16c-8.84 0-16 7.16-16 16v40.16c0 89.64 63.97 169.55 152 181.69V464H96c-8.84 0-16 7.16-16 16v16c0 8.84 7.16 16 16 16h160c8.84 0 16-7.16 16-16v-16c0-8.84-7.16-16-16-16h-56v-33.77C285.71 418.47 352 344.9 352 256v-48c0-8.84-7.16-16-16-16z\"><\/path><\/svg>\t\t\t<\/div>\n\t\t<\/div>\n\t\t\t\t\t\t<\/div>\n\t\t\t\t<div class=\"elementor-element elementor-element-cff8007 elementor-widget elementor-widget-text-editor\" data-id=\"cff8007\" data-element_type=\"widget\" data-widget_type=\"text-editor.default\">\n\t\t\t\t\t\t\t\t\t<p><strong data-start=\"273\" data-end=\"325\">Fomentar la participaci\u00f3n infantil y adolescente<\/strong> desde una perspectiva protag\u00f3nica y comunitaria.<\/p>\t\t\t\t\t\t\t\t<\/div>\n\t\t\t\t<\/div>\n\t\t<div class=\"elementor-element elementor-element-9be3c4e e-con-full e-flex e-con e-child\" data-id=\"9be3c4e\" data-element_type=\"container\">\n\t\t\t\t<div class=\"elementor-element elementor-element-9b2ddb9 elementor-view-default elementor-widget elementor-widget-icon\" data-id=\"9b2ddb9\" data-element_type=\"widget\" data-widget_type=\"icon.default\">\n\t\t\t\t\t\t\t<div class=\"elementor-icon-wrapper\">\n\t\t\t<div class=\"elementor-icon\">\n\t\t\t<svg aria-hidden=\"true\" class=\"e-font-icon-svg e-fas-people-carry\" viewBox=\"0 0 640 512\" xmlns=\"http:\/\/www.w3.org\/2000\/svg\"><path d=\"M128 96c26.5 0 48-21.5 48-48S154.5 0 128 0 80 21.5 80 48s21.5 48 48 48zm384 0c26.5 0 48-21.5 48-48S538.5 0 512 0s-48 21.5-48 48 21.5 48 48 48zm125.7 372.1l-44-110-41.1 46.4-2 18.2 27.7 69.2c5 12.5 17 20.1 29.7 20.1 4 0 8-.7 11.9-2.3 16.4-6.6 24.4-25.2 17.8-41.6zm-34.2-209.8L585 178.1c-4.6-20-18.6-36.8-37.5-44.9-18.5-8-39-6.7-56.1 3.3-22.7 13.4-39.7 34.5-48.1 59.4L432 229.8 416 240v-96c0-8.8-7.2-16-16-16H240c-8.8 0-16 7.2-16 16v96l-16.1-10.2-11.3-33.9c-8.3-25-25.4-46-48.1-59.4-17.2-10-37.6-11.3-56.1-3.3-18.9 8.1-32.9 24.9-37.5 44.9l-18.4 80.2c-4.6 20 .7 41.2 14.4 56.7l67.2 75.9 10.1 92.6C130 499.8 143.8 512 160 512c1.2 0 2.3-.1 3.5-.2 17.6-1.9 30.2-17.7 28.3-35.3l-10.1-92.8c-1.5-13-6.9-25.1-15.6-35l-43.3-49 17.6-70.3 6.8 20.4c4.1 12.5 11.9 23.4 24.5 32.6l51.1 32.5c4.6 2.9 12.1 4.6 17.2 5h160c5.1-.4 12.6-2.1 17.2-5l51.1-32.5c12.6-9.2 20.4-20 24.5-32.6l6.8-20.4 17.6 70.3-43.3 49c-8.7 9.9-14.1 22-15.6 35l-10.1 92.8c-1.9 17.6 10.8 33.4 28.3 35.3 1.2.1 2.3.2 3.5.2 16.1 0 30-12.1 31.8-28.5l10.1-92.6 67.2-75.9c13.6-15.5 19-36.7 14.4-56.7zM46.3 358.1l-44 110c-6.6 16.4 1.4 35 17.8 41.6 16.8 6.6 35.1-1.7 41.6-17.8l27.7-69.2-2-18.2-41.1-46.4z\"><\/path><\/svg>\t\t\t<\/div>\n\t\t<\/div>\n\t\t\t\t\t\t<\/div>\n\t\t\t\t<div class=\"elementor-element elementor-element-bc57dd7 elementor-widget elementor-widget-text-editor\" data-id=\"bc57dd7\" data-element_type=\"widget\" data-widget_type=\"text-editor.default\">\n\t\t\t\t\t\t\t\t\t<p><strong data-start=\"379\" data-end=\"433\">Generar espacios de diversi\u00f3n, juego y convivencia<\/strong> que refuercen los v\u00ednculos dentro de la asociaci\u00f3n.<\/p>\t\t\t\t\t\t\t\t<\/div>\n\t\t\t\t<\/div>\n\t\t<div class=\"elementor-element elementor-element-5789c4e e-con-full e-flex e-con e-child\" data-id=\"5789c4e\" data-element_type=\"container\">\n\t\t\t\t<div class=\"elementor-element elementor-element-3983dfa elementor-view-default elementor-widget elementor-widget-icon\" data-id=\"3983dfa\" data-element_type=\"widget\" data-widget_type=\"icon.default\">\n\t\t\t\t\t\t\t<div class=\"elementor-icon-wrapper\">\n\t\t\t<div class=\"elementor-icon\">\n\t\t\t<svg aria-hidden=\"true\" class=\"e-font-icon-svg e-fas-campground\" viewBox=\"0 0 640 512\" xmlns=\"http:\/\/www.w3.org\/2000\/svg\"><path d=\"M624 448h-24.68L359.54 117.75l53.41-73.55c5.19-7.15 3.61-17.16-3.54-22.35l-25.9-18.79c-7.15-5.19-17.15-3.61-22.35 3.55L320 63.3 278.83 6.6c-5.19-7.15-15.2-8.74-22.35-3.55l-25.88 18.8c-7.15 5.19-8.74 15.2-3.54 22.35l53.41 73.55L40.68 448H16c-8.84 0-16 7.16-16 16v32c0 8.84 7.16 16 16 16h608c8.84 0 16-7.16 16-16v-32c0-8.84-7.16-16-16-16zM320 288l116.36 160H203.64L320 288z\"><\/path><\/svg>\t\t\t<\/div>\n\t\t<\/div>\n\t\t\t\t\t\t<\/div>\n\t\t\t\t<div class=\"elementor-element elementor-element-5f18266 elementor-widget elementor-widget-text-editor\" data-id=\"5f18266\" data-element_type=\"widget\" data-widget_type=\"text-editor.default\">\n\t\t\t\t\t\t\t\t\t<p><strong data-start=\"490\" data-end=\"534\">Organizar actividades y salidas grupales<\/strong> como campamentos y excursiones, promoviendo la autonom\u00eda y el trabajo en equipo.<\/p>\t\t\t\t\t\t\t\t<\/div>\n\t\t\t\t<\/div>\n\t\t\t\t<\/div>\n\t\t<div class=\"elementor-element elementor-element-c4fad7d e-con-full e-flex e-con e-child\" data-id=\"c4fad7d\" data-element_type=\"container\" data-settings=\"{&quot;background_background&quot;:&quot;classic&quot;}\">\n\t\t\t\t<\/div>\n\t\t<div class=\"elementor-element elementor-element-67e72f1 e-flex e-con-boxed e-con e-parent\" data-id=\"67e72f1\" data-element_type=\"container\" data-settings=\"{&quot;background_background&quot;:&quot;classic&quot;}\">\n\t\t\t\t\t<div class=\"e-con-inner\">\n\t\t\t\t<div class=\"elementor-element elementor-element-51a7dc0 elementor-widget__width-auto elementor-widget elementor-widget-heading\" data-id=\"51a7dc0\" data-element_type=\"widget\" data-widget_type=\"heading.default\">\n\t\t\t\t\t<h2 class=\"elementor-heading-title elementor-size-default\">CON\u00d3CENOS EN IM\u00c1GENES<\/h2>\t\t\t\t<\/div>\n\t\t\t\t\t<\/div>\n\t\t\t\t<\/div>\n\t\t<div class=\"elementor-element elementor-element-7fc3c0b e-con-full e-flex e-con e-child\" data-id=\"7fc3c0b\" data-element_type=\"container\" data-settings=\"{&quot;background_background&quot;:&quot;classic&quot;}\">\n\t\t\t\t<\/div>\n\t\t<div class=\"elementor-element elementor-element-0e98627 e-flex e-con-boxed e-con e-parent\" data-id=\"0e98627\" data-element_type=\"container\" data-settings=\"{&quot;background_background&quot;:&quot;classic&quot;}\">\n\t\t\t\t\t<div class=\"e-con-inner\">\n\t\t<div class=\"elementor-element elementor-element-a80b9b2 e-con-full e-flex e-con e-child\" data-id=\"a80b9b2\" data-element_type=\"container\" data-settings=\"{&quot;background_background&quot;:&quot;classic&quot;}\">\n\t\t\t\t<\/div>\n\t\t<div class=\"elementor-element elementor-element-1ae9cd7 e-con-full e-flex e-con e-child\" data-id=\"1ae9cd7\" data-element_type=\"container\" data-settings=\"{&quot;background_background&quot;:&quot;classic&quot;}\">\n\t\t\t\t<\/div>\n\t\t<div class=\"elementor-element elementor-element-3255af0 e-con-full e-flex e-con e-child\" data-id=\"3255af0\" data-element_type=\"container\" data-settings=\"{&quot;background_background&quot;:&quot;classic&quot;}\">\n\t\t\t\t<\/div>\n\t\t\t\t\t<\/div>\n\t\t\t\t<\/div>\n\t\t<div class=\"elementor-element elementor-element-faf043a e-con-full e-flex e-con e-child\" data-id=\"faf043a\" data-element_type=\"container\" data-settings=\"{&quot;background_background&quot;:&quot;classic&quot;}\">\n\t\t\t\t<\/div>\n\t\t<div class=\"elementor-element elementor-element-64b8013 e-flex e-con-boxed e-con e-parent\" data-id=\"64b8013\" data-element_type=\"container\" data-settings=\"{&quot;background_background&quot;:&quot;classic&quot;}\">\n\t\t\t\t\t<div class=\"e-con-inner\">\n\t\t<div class=\"elementor-element elementor-element-0dc148d e-con-full e-flex e-con e-child\" data-id=\"0dc148d\" data-element_type=\"container\" data-settings=\"{&quot;background_background&quot;:&quot;classic&quot;}\">\n\t\t\t\t<\/div>\n\t\t<div class=\"elementor-element elementor-element-5c2ec46 e-con-full e-flex e-con e-child\" data-id=\"5c2ec46\" data-element_type=\"container\" data-settings=\"{&quot;background_background&quot;:&quot;classic&quot;}\">\n\t\t\t\t<\/div>\n\t\t<div class=\"elementor-element elementor-element-857677a e-con-full e-flex e-con e-child\" data-id=\"857677a\" data-element_type=\"container\" data-settings=\"{&quot;background_background&quot;:&quot;classic&quot;}\">\n\t\t\t\t<\/div>\n\t\t\t\t\t<\/div>\n\t\t\t\t<\/div>\n\t\t<div class=\"elementor-element elementor-element-2a24c7f e-con-full e-flex e-con e-child\" data-id=\"2a24c7f\" data-element_type=\"container\" data-settings=\"{&quot;background_background&quot;:&quot;classic&quot;}\">\n\t\t\t\t<\/div>\n\t\t<div class=\"elementor-element elementor-element-ae3a378 e-flex e-con-boxed e-con e-parent\" data-id=\"ae3a378\" data-element_type=\"container\" data-settings=\"{&quot;background_background&quot;:&quot;classic&quot;,&quot;shape_divider_top&quot;:&quot;triangle-asymmetrical&quot;,&quot;shape_divider_top_negative&quot;:&quot;yes&quot;,&quot;shape_divider_bottom&quot;:&quot;triangle&quot;,&quot;shape_divider_bottom_negative&quot;:&quot;yes&quot;}\">\n\t\t\t\t\t<div class=\"e-con-inner\">\n\t\t\t\t<div class=\"elementor-shape elementor-shape-top\" aria-hidden=\"true\" data-negative=\"true\">\n\t\t\t<svg xmlns=\"http:\/\/www.w3.org\/2000\/svg\" viewBox=\"0 0 1000 100\" preserveAspectRatio=\"none\">\n\t<path class=\"elementor-shape-fill\" d=\"M737.9,94.7L0,0v100h1000V0L737.9,94.7z\"\/>\n<\/svg>\t\t<\/div>\n\t\t\t\t<div class=\"elementor-shape elementor-shape-bottom\" aria-hidden=\"true\" data-negative=\"true\">\n\t\t\t<svg xmlns=\"http:\/\/www.w3.org\/2000\/svg\" viewBox=\"0 0 1000 100\" preserveAspectRatio=\"none\">\n\t<path class=\"elementor-shape-fill\" d=\"M500.2,94.7L0,0v100h1000V0L500.2,94.7z\"\/>\n<\/svg>\t\t<\/div>\n\t\t\t\t<div class=\"elementor-element elementor-element-cd9bbbb elementor-widget elementor-widget-text-editor\" data-id=\"cd9bbbb\" data-element_type=\"widget\" data-widget_type=\"text-editor.default\">\n\t\t\t\t\t\t\t\t\t<p data-start=\"107\" data-end=\"316\">Este proyecto complementa las intervenciones educativas anteriores mediante actividades de ocio y tiempo libre que favorecen la desconexi\u00f3n de la rutina, el bienestar emocional y una intervenci\u00f3n m\u00e1s integral.<\/p><p data-start=\"318\" data-end=\"575\">Incluye din\u00e1micas grupales, salidas por categor\u00edas y eventos destacados como <em data-start=\"395\" data-end=\"415\">Juntas y Revueltas<\/em> (organizada por INJUCAM), la <em data-start=\"434\" data-end=\"467\">Fiesta Anual por la Convivencia<\/em>, <em>campamentos<\/em> y otras actividades puntuales, todas coordinadas con los distintos proyectos de la asociaci\u00f3n.<\/p><p data-start=\"577\" data-end=\"807\">Se promueve la <strong data-start=\"592\" data-end=\"632\">participaci\u00f3n infantil y comunitaria<\/strong> como eje central, implicando a ni\u00f1os, ni\u00f1as y adolescentes en el dise\u00f1o y desarrollo de las actividades. Esto refuerza su autonom\u00eda, responsabilidad y sentido de pertenencia.<\/p><p data-start=\"809\" data-end=\"1003\">Adem\u00e1s, al realizarse en el entorno cercano, estas actividades fomentan la <strong data-start=\"884\" data-end=\"922\">participaci\u00f3n social y comunitaria<\/strong>, fortaleciendo los v\u00ednculos, la confianza mutua y la cohesi\u00f3n social del barrio.<\/p>\t\t\t\t\t\t\t\t<\/div>\n\t\t\t\t\t<\/div>\n\t\t\t\t<\/div>\n\t\t\t\t<\/div>\n\t\t","protected":false},"excerpt":{"rendered":"<p>\u00c1REA OCIO Y TIEMPO LIBRE Ofrecer alternativas de ocio y tiempo libre saludables en un entorno seguro y participativo. Fomentar la participaci\u00f3n infantil y adolescente desde una perspectiva protag\u00f3nica y comunitaria. Generar espacios de diversi\u00f3n, juego y convivencia que refuercen los v\u00ednculos dentro de la asociaci\u00f3n. Organizar actividades y salidas grupales como campamentos y excursiones, [&hellip;]<\/p>\n","protected":false},"author":1,"featured_media":0,"parent":0,"menu_order":0,"comment_status":"closed","ping_status":"closed","template":"","meta":{"footnotes":""},"class_list":["post-1412","page","type-page","status-publish","hentry"],"_links":{"self":[{"href":"https:\/\/prueba.latorredehortaleza.org\/index.php?rest_route=\/wp\/v2\/pages\/1412","targetHints":{"allow":["GET"]}}],"collection":[{"href":"https:\/\/prueba.latorredehortaleza.org\/index.php?rest_route=\/wp\/v2\/pages"}],"about":[{"href":"https:\/\/prueba.latorredehortaleza.org\/index.php?rest_route=\/wp\/v2\/types\/page"}],"author":[{"embeddable":true,"href":"https:\/\/prueba.latorredehortaleza.org\/index.php?rest_route=\/wp\/v2\/users\/1"}],"replies":[{"embeddable":true,"href":"https:\/\/prueba.latorredehortaleza.org\/index.php?rest_route=%2Fwp%2Fv2%2Fcomments&post=1412"}],"version-history":[{"count":76,"href":"https:\/\/prueba.latorredehortaleza.org\/index.php?rest_route=\/wp\/v2\/pages\/1412\/revisions"}],"predecessor-version":[{"id":3063,"href":"https:\/\/prueba.latorredehortaleza.org\/index.php?rest_route=\/wp\/v2\/pages\/1412\/revisions\/3063"}],"wp:attachment":[{"href":"https:\/\/prueba.latorredehortaleza.org\/index.php?rest_route=%2Fwp%2Fv2%2Fmedia&parent=1412"}],"curies":[{"name":"wp","href":"https:\/\/api.w.org\/{rel}","templated":true}]}}