{"id":1374,"date":"2025-06-30T13:07:02","date_gmt":"2025-06-30T13:07:02","guid":{"rendered":"https:\/\/prueba.latorredehortaleza.org\/?page_id=1374"},"modified":"2025-07-07T19:52:44","modified_gmt":"2025-07-07T17:52:44","slug":"voluntariado-2","status":"publish","type":"page","link":"https:\/\/prueba.latorredehortaleza.org\/?page_id=1374","title":{"rendered":"\u00c1rea Voluntariado"},"content":{"rendered":"\t\t<div data-elementor-type=\"wp-page\" data-elementor-id=\"1374\" class=\"elementor elementor-1374\">\n\t\t\t\t<div class=\"elementor-element elementor-element-b148b77 e-con-full e-flex e-con e-parent\" data-id=\"b148b77\" data-element_type=\"container\" data-settings=\"{&quot;background_background&quot;:&quot;classic&quot;}\">\n\t\t\t\t<div class=\"elementor-element elementor-element-3358183 elementor-widget elementor-widget-heading\" data-id=\"3358183\" data-element_type=\"widget\" data-widget_type=\"heading.default\">\n\t\t\t\t\t<h2 class=\"elementor-heading-title elementor-size-default\">\u00c1REA VOLUNTARIADO<\/h2>\t\t\t\t<\/div>\n\t\t\t\t<\/div>\n\t\t<div class=\"elementor-element elementor-element-eda801e e-con-full e-flex e-con e-child\" data-id=\"eda801e\" data-element_type=\"container\" data-settings=\"{&quot;background_background&quot;:&quot;classic&quot;}\">\n\t\t\t\t<\/div>\n\t\t<div class=\"elementor-element elementor-element-4cde91e e-con-full e-flex e-con e-parent\" data-id=\"4cde91e\" data-element_type=\"container\" data-settings=\"{&quot;background_background&quot;:&quot;classic&quot;}\">\n\t\t<div class=\"elementor-element elementor-element-2be7606 e-con-full e-flex e-con e-child\" data-id=\"2be7606\" data-element_type=\"container\">\n\t\t\t\t<div class=\"elementor-element elementor-element-a4a7998 elementor-view-default elementor-widget elementor-widget-icon\" data-id=\"a4a7998\" data-element_type=\"widget\" data-widget_type=\"icon.default\">\n\t\t\t\t\t\t\t<div class=\"elementor-icon-wrapper\">\n\t\t\t<div class=\"elementor-icon\">\n\t\t\t<svg aria-hidden=\"true\" class=\"e-font-icon-svg e-fas-star\" viewBox=\"0 0 576 512\" xmlns=\"http:\/\/www.w3.org\/2000\/svg\"><path d=\"M259.3 17.8L194 150.2 47.9 171.5c-26.2 3.8-36.7 36.1-17.7 54.6l105.7 103-25 145.5c-4.5 26.3 23.2 46 46.4 33.7L288 439.6l130.7 68.7c23.2 12.2 50.9-7.4 46.4-33.7l-25-145.5 105.7-103c19-18.5 8.5-50.8-17.7-54.6L382 150.2 316.7 17.8c-11.7-23.6-45.6-23.9-57.4 0z\"><\/path><\/svg>\t\t\t<\/div>\n\t\t<\/div>\n\t\t\t\t\t\t<\/div>\n\t\t\t\t<div class=\"elementor-element elementor-element-87acc81 elementor-widget elementor-widget-text-editor\" data-id=\"87acc81\" data-element_type=\"widget\" data-widget_type=\"text-editor.default\">\n\t\t\t\t\t\t\t\t\t<p style=\"text-align: center;\"><strong data-start=\"214\" data-end=\"272\">Motivar la implicaci\u00f3n y fidelizaci\u00f3n del voluntariado<\/strong>, promoviendo su participaci\u00f3n activa en la vida de la asociaci\u00f3n.<\/p>\t\t\t\t\t\t\t\t<\/div>\n\t\t\t\t<\/div>\n\t\t<div class=\"elementor-element elementor-element-1b3ab87 e-con-full e-flex e-con e-child\" data-id=\"1b3ab87\" data-element_type=\"container\">\n\t\t\t\t<div class=\"elementor-element elementor-element-9adf6c0 elementor-view-default elementor-widget elementor-widget-icon\" data-id=\"9adf6c0\" data-element_type=\"widget\" data-widget_type=\"icon.default\">\n\t\t\t\t\t\t\t<div class=\"elementor-icon-wrapper\">\n\t\t\t<div class=\"elementor-icon\">\n\t\t\t<svg aria-hidden=\"true\" class=\"e-font-icon-svg e-fas-hands\" viewBox=\"0 0 640 512\" xmlns=\"http:\/\/www.w3.org\/2000\/svg\"><path d=\"M204.8 230.4c-10.6-14.1-30.7-17-44.8-6.4-14.1 10.6-17 30.7-6.4 44.8l38.1 50.8c4.8 6.4 4.1 15.3-1.5 20.9l-12.8 12.8c-6.7 6.7-17.6 6.2-23.6-1.1L64 244.4V96c0-17.7-14.3-32-32-32S0 78.3 0 96v218.4c0 10.9 3.7 21.5 10.5 30l104.1 134.3c5 6.5 8.4 13.9 10.4 21.7 1.8 6.9 8.1 11.6 15.3 11.6H272c8.8 0 16-7.2 16-16V384c0-27.7-9-54.6-25.6-76.8l-57.6-76.8zM608 64c-17.7 0-32 14.3-32 32v148.4l-89.8 107.8c-6 7.2-17 7.7-23.6 1.1l-12.8-12.8c-5.6-5.6-6.3-14.5-1.5-20.9l38.1-50.8c10.6-14.1 7.7-34.2-6.4-44.8-14.1-10.6-34.2-7.7-44.8 6.4l-57.6 76.8C361 329.4 352 356.3 352 384v112c0 8.8 7.2 16 16 16h131.7c7.1 0 13.5-4.7 15.3-11.6 2-7.8 5.4-15.2 10.4-21.7l104.1-134.3c6.8-8.5 10.5-19.1 10.5-30V96c0-17.7-14.3-32-32-32z\"><\/path><\/svg>\t\t\t<\/div>\n\t\t<\/div>\n\t\t\t\t\t\t<\/div>\n\t\t\t\t<div class=\"elementor-element elementor-element-35ebf96 elementor-widget elementor-widget-text-editor\" data-id=\"35ebf96\" data-element_type=\"widget\" data-widget_type=\"text-editor.default\">\n\t\t\t\t\t\t\t\t\t<p><strong data-start=\"343\" data-end=\"390\">Buscar y acoger nuevas personas voluntarias<\/strong>, generando un espacio accesible, cercano y comprometido con el entorno.<\/p>\t\t\t\t\t\t\t\t<\/div>\n\t\t\t\t<\/div>\n\t\t<div class=\"elementor-element elementor-element-c2f4fed e-con-full e-flex e-con e-child\" data-id=\"c2f4fed\" data-element_type=\"container\">\n\t\t\t\t<div class=\"elementor-element elementor-element-7b59311 elementor-view-default elementor-widget elementor-widget-icon\" data-id=\"7b59311\" data-element_type=\"widget\" data-widget_type=\"icon.default\">\n\t\t\t\t\t\t\t<div class=\"elementor-icon-wrapper\">\n\t\t\t<div class=\"elementor-icon\">\n\t\t\t<svg aria-hidden=\"true\" class=\"e-font-icon-svg e-far-compass\" viewBox=\"0 0 496 512\" xmlns=\"http:\/\/www.w3.org\/2000\/svg\"><path d=\"M347.94 129.86L203.6 195.83a31.938 31.938 0 0 0-15.77 15.77l-65.97 144.34c-7.61 16.65 9.54 33.81 26.2 26.2l144.34-65.97a31.938 31.938 0 0 0 15.77-15.77l65.97-144.34c7.61-16.66-9.54-33.81-26.2-26.2zm-77.36 148.72c-12.47 12.47-32.69 12.47-45.16 0-12.47-12.47-12.47-32.69 0-45.16 12.47-12.47 32.69-12.47 45.16 0 12.47 12.47 12.47 32.69 0 45.16zM248 8C111.03 8 0 119.03 0 256s111.03 248 248 248 248-111.03 248-248S384.97 8 248 8zm0 448c-110.28 0-200-89.72-200-200S137.72 56 248 56s200 89.72 200 200-89.72 200-200 200z\"><\/path><\/svg>\t\t\t<\/div>\n\t\t<\/div>\n\t\t\t\t\t\t<\/div>\n\t\t\t\t<div class=\"elementor-element elementor-element-d1cac6d elementor-widget elementor-widget-text-editor\" data-id=\"d1cac6d\" data-element_type=\"widget\" data-widget_type=\"text-editor.default\">\n\t\t\t\t\t\t\t\t\t<p><strong data-start=\"467\" data-end=\"518\">Acompa\u00f1ar el proceso de cada persona voluntaria<\/strong>, ofreciendo acciones formativas, jornadas de intercambio y seguimiento individual.<\/p>\t\t\t\t\t\t\t\t<\/div>\n\t\t\t\t<\/div>\n\t\t<div class=\"elementor-element elementor-element-46b38fd e-con-full e-flex e-con e-child\" data-id=\"46b38fd\" data-element_type=\"container\">\n\t\t\t\t<div class=\"elementor-element elementor-element-d77aa28 elementor-view-default elementor-widget elementor-widget-icon\" data-id=\"d77aa28\" data-element_type=\"widget\" data-widget_type=\"icon.default\">\n\t\t\t\t\t\t\t<div class=\"elementor-icon-wrapper\">\n\t\t\t<div class=\"elementor-icon\">\n\t\t\t<svg aria-hidden=\"true\" class=\"e-font-icon-svg e-fas-seedling\" viewBox=\"0 0 512 512\" xmlns=\"http:\/\/www.w3.org\/2000\/svg\"><path d=\"M64 96H0c0 123.7 100.3 224 224 224v144c0 8.8 7.2 16 16 16h32c8.8 0 16-7.2 16-16V320C288 196.3 187.7 96 64 96zm384-64c-84.2 0-157.4 46.5-195.7 115.2 27.7 30.2 48.2 66.9 59 107.6C424 243.1 512 147.9 512 32h-64z\"><\/path><\/svg>\t\t\t<\/div>\n\t\t<\/div>\n\t\t\t\t\t\t<\/div>\n\t\t\t\t<div class=\"elementor-element elementor-element-fc309ed elementor-widget elementor-widget-text-editor\" data-id=\"fc309ed\" data-element_type=\"widget\" data-widget_type=\"text-editor.default\">\n\t\t\t\t\t\t\t\t\t<p><strong data-start=\"606\" data-end=\"664\">Fomentar el crecimiento personal y la autorrealizaci\u00f3n<\/strong>, creando experiencias que aporten valor tanto al voluntariado como a la comunidad.<\/p>\t\t\t\t\t\t\t\t<\/div>\n\t\t\t\t<\/div>\n\t\t\t\t<\/div>\n\t\t<div class=\"elementor-element elementor-element-750e604 e-con-full e-flex e-con e-child\" data-id=\"750e604\" data-element_type=\"container\" data-settings=\"{&quot;background_background&quot;:&quot;classic&quot;}\">\n\t\t\t\t<\/div>\n\t\t<div class=\"elementor-element elementor-element-890bf06 e-flex e-con-boxed e-con e-parent\" data-id=\"890bf06\" data-element_type=\"container\" data-settings=\"{&quot;background_background&quot;:&quot;classic&quot;}\">\n\t\t\t\t\t<div class=\"e-con-inner\">\n\t\t\t\t<div class=\"elementor-element elementor-element-5d83dfc elementor-widget__width-auto elementor-widget elementor-widget-heading\" data-id=\"5d83dfc\" data-element_type=\"widget\" data-widget_type=\"heading.default\">\n\t\t\t\t\t<h2 class=\"elementor-heading-title elementor-size-default\">CON\u00d3CENOS EN IM\u00c1GENES<\/h2>\t\t\t\t<\/div>\n\t\t\t\t\t<\/div>\n\t\t\t\t<\/div>\n\t\t<div class=\"elementor-element elementor-element-8cecc1d e-con-full e-flex e-con e-child\" data-id=\"8cecc1d\" data-element_type=\"container\" data-settings=\"{&quot;background_background&quot;:&quot;classic&quot;}\">\n\t\t\t\t<\/div>\n\t\t<div class=\"elementor-element elementor-element-848517f e-flex e-con-boxed e-con e-parent\" data-id=\"848517f\" data-element_type=\"container\" data-settings=\"{&quot;background_background&quot;:&quot;classic&quot;}\">\n\t\t\t\t\t<div class=\"e-con-inner\">\n\t\t<div class=\"elementor-element elementor-element-004c240 e-con-full e-flex e-con e-child\" data-id=\"004c240\" data-element_type=\"container\" data-settings=\"{&quot;background_background&quot;:&quot;classic&quot;}\">\n\t\t\t\t<\/div>\n\t\t<div class=\"elementor-element elementor-element-f448b4e e-con-full e-flex e-con e-child\" data-id=\"f448b4e\" data-element_type=\"container\" data-settings=\"{&quot;background_background&quot;:&quot;classic&quot;}\">\n\t\t\t\t<\/div>\n\t\t<div class=\"elementor-element elementor-element-70bdf30 e-con-full e-flex e-con e-child\" data-id=\"70bdf30\" data-element_type=\"container\" data-settings=\"{&quot;background_background&quot;:&quot;classic&quot;}\">\n\t\t\t\t<\/div>\n\t\t\t\t\t<\/div>\n\t\t\t\t<\/div>\n\t\t<div class=\"elementor-element elementor-element-5d9c31a e-con-full e-flex e-con e-child\" data-id=\"5d9c31a\" data-element_type=\"container\" data-settings=\"{&quot;background_background&quot;:&quot;classic&quot;}\">\n\t\t\t\t<\/div>\n\t\t<div class=\"elementor-element elementor-element-07654f8 e-flex e-con-boxed e-con e-parent\" data-id=\"07654f8\" data-element_type=\"container\" data-settings=\"{&quot;background_background&quot;:&quot;classic&quot;}\">\n\t\t\t\t\t<div class=\"e-con-inner\">\n\t\t<div class=\"elementor-element elementor-element-39caa14 e-con-full e-flex e-con e-child\" data-id=\"39caa14\" data-element_type=\"container\" data-settings=\"{&quot;background_background&quot;:&quot;classic&quot;}\">\n\t\t\t\t<\/div>\n\t\t<div class=\"elementor-element elementor-element-193bfc4 e-con-full e-flex e-con e-child\" data-id=\"193bfc4\" data-element_type=\"container\" data-settings=\"{&quot;background_background&quot;:&quot;classic&quot;}\">\n\t\t\t\t<\/div>\n\t\t<div class=\"elementor-element elementor-element-a4bf4f0 e-con-full e-flex e-con e-child\" data-id=\"a4bf4f0\" data-element_type=\"container\" data-settings=\"{&quot;background_background&quot;:&quot;classic&quot;}\">\n\t\t\t\t<\/div>\n\t\t\t\t\t<\/div>\n\t\t\t\t<\/div>\n\t\t<div class=\"elementor-element elementor-element-eb63391 e-con-full e-flex e-con e-child\" data-id=\"eb63391\" data-element_type=\"container\" data-settings=\"{&quot;background_background&quot;:&quot;classic&quot;}\">\n\t\t\t\t<\/div>\n\t\t<div class=\"elementor-element elementor-element-6e6e29c e-flex e-con-boxed e-con e-parent\" data-id=\"6e6e29c\" data-element_type=\"container\" data-settings=\"{&quot;background_background&quot;:&quot;classic&quot;,&quot;shape_divider_top&quot;:&quot;triangle-asymmetrical&quot;,&quot;shape_divider_top_negative&quot;:&quot;yes&quot;,&quot;shape_divider_bottom&quot;:&quot;triangle&quot;,&quot;shape_divider_bottom_negative&quot;:&quot;yes&quot;}\">\n\t\t\t\t\t<div class=\"e-con-inner\">\n\t\t\t\t<div class=\"elementor-shape elementor-shape-top\" aria-hidden=\"true\" data-negative=\"true\">\n\t\t\t<svg xmlns=\"http:\/\/www.w3.org\/2000\/svg\" viewBox=\"0 0 1000 100\" preserveAspectRatio=\"none\">\n\t<path class=\"elementor-shape-fill\" d=\"M737.9,94.7L0,0v100h1000V0L737.9,94.7z\"\/>\n<\/svg>\t\t<\/div>\n\t\t\t\t<div class=\"elementor-shape elementor-shape-bottom\" aria-hidden=\"true\" data-negative=\"true\">\n\t\t\t<svg xmlns=\"http:\/\/www.w3.org\/2000\/svg\" viewBox=\"0 0 1000 100\" preserveAspectRatio=\"none\">\n\t<path class=\"elementor-shape-fill\" d=\"M500.2,94.7L0,0v100h1000V0L500.2,94.7z\"\/>\n<\/svg>\t\t<\/div>\n\t\t\t\t<div class=\"elementor-element elementor-element-ac48d8c elementor-widget elementor-widget-text-editor\" data-id=\"ac48d8c\" data-element_type=\"widget\" data-widget_type=\"text-editor.default\">\n\t\t\t\t\t\t\t\t\t<p data-start=\"139\" data-end=\"400\">En la Asociaci\u00f3n La Torre de Hortaleza, el voluntariado es una parte esencial de lo que somos. Todas las actividades que realizamos est\u00e1n impulsadas por personas voluntarias, y por eso nos esforzamos en cuidarlas, formarlas y acompa\u00f1arlas.<\/p><p data-start=\"402\" data-end=\"726\">Este proyecto nace con el objetivo de fomentar su participaci\u00f3n activa tanto en el d\u00eda a d\u00eda de los proyectos como en los espacios de gesti\u00f3n y toma de decisiones. Creemos firmemente en su protagonismo y lo impulsamos desde el primer momento, ofreci\u00e9ndoles oportunidades reales para implicarse y crecer dentro de la entidad.<\/p><p data-start=\"728\" data-end=\"1078\">Contamos con una <strong data-start=\"745\" data-end=\"785\">escuela de voluntariado en formaci\u00f3n<\/strong>, que permite que muchas personas j\u00f3venes empiecen como premonitores y poco a poco vayan asumiendo m\u00e1s responsabilidades. Adem\u00e1s, organizamos formaciones espec\u00edficas, espacios de acompa\u00f1amiento y reconocimiento para que cada voluntaria y voluntario se sienta valorado y parte de una comunidad.<\/p><p data-start=\"1080\" data-end=\"1239\">Llevamos m\u00e1s de 35 a\u00f1os construyendo juntas. Gracias a la entrega de tantas personas voluntarias, nuestros proyectos siguen creciendo con sentido y compromiso.<\/p><p style=\"text-align: left;\">\u00a0<\/p>\t\t\t\t\t\t\t\t<\/div>\n\t\t<div class=\"elementor-element elementor-element-9930e46 e-con-full e-flex e-con e-child\" data-id=\"9930e46\" data-element_type=\"container\">\n\t\t<div class=\"elementor-element elementor-element-5dd02a7 e-con-full e-flex e-con e-child\" data-id=\"5dd02a7\" data-element_type=\"container\" data-settings=\"{&quot;background_background&quot;:&quot;classic&quot;}\">\n\t\t\t\t<div class=\"elementor-element elementor-element-2ebae63 elementor-widget__width-auto elementor-widget elementor-widget-heading\" data-id=\"2ebae63\" data-element_type=\"widget\" data-widget_type=\"heading.default\">\n\t\t\t\t\t<h2 class=\"elementor-heading-title elementor-size-default\">\u00bfTe gustar\u00eda ser voluntaria de la Asociaci\u00f3n?<\/h2>\t\t\t\t<\/div>\n\t\t\t\t<div class=\"elementor-element elementor-element-8a474d2 elementor-widget__width-auto elementor-widget elementor-widget-text-editor\" data-id=\"8a474d2\" data-element_type=\"widget\" data-widget_type=\"text-editor.default\">\n\t\t\t\t\t\t\t\t\t<p><b><img decoding=\"async\" class=\"emoji\" role=\"img\" draggable=\"false\" src=\"https:\/\/s.w.org\/images\/core\/emoji\/15.1.0\/svg\/1f464.svg\" alt=\"\ud83d\udc64\" \/> <span data-start=\"841\" data-end=\"872\">Rut Agudo<\/span><br data-start=\"895\" data-end=\"898\" \/><\/b><img decoding=\"async\" class=\"emoji\" role=\"img\" draggable=\"false\" src=\"https:\/\/s.w.org\/images\/core\/emoji\/15.1.0\/svg\/1f4de.svg\" alt=\"\ud83d\udcde\" \/> <a href=\"tel: 675562616\">675 562 616<\/a><br data-start=\"929\" data-end=\"932\" \/><img decoding=\"async\" class=\"emoji\" role=\"img\" draggable=\"false\" src=\"https:\/\/s.w.org\/images\/core\/emoji\/15.1.0\/svg\/2709.svg\" alt=\"\u2709\ufe0f\" \/> <a class=\"cursor-pointer\" href=\"mailto:voluntariado@latorredehortaleza.org\" target=\"_blank\" rel=\"noopener\" data-start=\"935\" data-end=\"980\">voluntariado@latorredehortaleza.org<\/a><\/p>\t\t\t\t\t\t\t\t<\/div>\n\t\t\t\t<\/div>\n\t\t\t\t<\/div>\n\t\t\t\t\t<\/div>\n\t\t\t\t<\/div>\n\t\t<div class=\"elementor-element elementor-element-23b0386 e-con-full e-flex e-con e-child\" data-id=\"23b0386\" data-element_type=\"container\" data-settings=\"{&quot;background_background&quot;:&quot;classic&quot;}\">\n\t\t\t\t<\/div>\n\t\t<div class=\"elementor-element elementor-element-4b4ebc3 e-con-full e-flex e-con e-parent\" data-id=\"4b4ebc3\" data-element_type=\"container\" data-settings=\"{&quot;background_background&quot;:&quot;classic&quot;}\">\n\t\t\t\t<div class=\"elementor-element elementor-element-0490587 elementor-button-info elementor-align-center elementor-widget elementor-widget-button\" data-id=\"0490587\" data-element_type=\"widget\" data-widget_type=\"button.default\">\n\t\t\t\t\t\t\t\t\t\t<a class=\"elementor-button elementor-button-link elementor-size-sm\" href=\"https:\/\/prueba.latorredehortaleza.org\/?page_id=1456\" target=\"_blank\">\n\t\t\t\t\t\t<span class=\"elementor-button-content-wrapper\">\n\t\t\t\t\t\t<span class=\"elementor-button-icon\">\n\t\t\t\t<svg aria-hidden=\"true\" class=\"e-font-icon-svg e-fas-info-circle\" viewBox=\"0 0 512 512\" xmlns=\"http:\/\/www.w3.org\/2000\/svg\"><path d=\"M256 8C119.043 8 8 119.083 8 256c0 136.997 111.043 248 248 248s248-111.003 248-248C504 119.083 392.957 8 256 8zm0 110c23.196 0 42 18.804 42 42s-18.804 42-42 42-42-18.804-42-42 18.804-42 42-42zm56 254c0 6.627-5.373 12-12 12h-88c-6.627 0-12-5.373-12-12v-24c0-6.627 5.373-12 12-12h12v-64h-12c-6.627 0-12-5.373-12-12v-24c0-6.627 5.373-12 12-12h64c6.627 0 12 5.373 12 12v100h12c6.627 0 12 5.373 12 12v24z\"><\/path><\/svg>\t\t\t<\/span>\n\t\t\t\t\t\t\t\t\t<span class=\"elementor-button-text\">QUIERO PARTICIPAR<\/span>\n\t\t\t\t\t<\/span>\n\t\t\t\t\t<\/a>\n\t\t\t\t\t\t\t\t<\/div>\n\t\t\t\t<\/div>\n\t\t\t\t<\/div>\n\t\t","protected":false},"excerpt":{"rendered":"<p>\u00c1REA VOLUNTARIADO Motivar la implicaci\u00f3n y fidelizaci\u00f3n del voluntariado, promoviendo su participaci\u00f3n activa en la vida de la asociaci\u00f3n. Buscar y acoger nuevas personas voluntarias, generando un espacio accesible, cercano y comprometido con el entorno. Acompa\u00f1ar el proceso de cada persona voluntaria, ofreciendo acciones formativas, jornadas de intercambio y seguimiento individual. Fomentar el crecimiento personal [&hellip;]<\/p>\n","protected":false},"author":1,"featured_media":0,"parent":0,"menu_order":0,"comment_status":"closed","ping_status":"closed","template":"","meta":{"footnotes":""},"class_list":["post-1374","page","type-page","status-publish","hentry"],"_links":{"self":[{"href":"https:\/\/prueba.latorredehortaleza.org\/index.php?rest_route=\/wp\/v2\/pages\/1374","targetHints":{"allow":["GET"]}}],"collection":[{"href":"https:\/\/prueba.latorredehortaleza.org\/index.php?rest_route=\/wp\/v2\/pages"}],"about":[{"href":"https:\/\/prueba.latorredehortaleza.org\/index.php?rest_route=\/wp\/v2\/types\/page"}],"author":[{"embeddable":true,"href":"https:\/\/prueba.latorredehortaleza.org\/index.php?rest_route=\/wp\/v2\/users\/1"}],"replies":[{"embeddable":true,"href":"https:\/\/prueba.latorredehortaleza.org\/index.php?rest_route=%2Fwp%2Fv2%2Fcomments&post=1374"}],"version-history":[{"count":121,"href":"https:\/\/prueba.latorredehortaleza.org\/index.php?rest_route=\/wp\/v2\/pages\/1374\/revisions"}],"predecessor-version":[{"id":3121,"href":"https:\/\/prueba.latorredehortaleza.org\/index.php?rest_route=\/wp\/v2\/pages\/1374\/revisions\/3121"}],"wp:attachment":[{"href":"https:\/\/prueba.latorredehortaleza.org\/index.php?rest_route=%2Fwp%2Fv2%2Fmedia&parent=1374"}],"curies":[{"name":"wp","href":"https:\/\/api.w.org\/{rel}","templated":true}]}}