{"id":1211,"date":"2025-06-26T17:31:40","date_gmt":"2025-06-26T17:31:40","guid":{"rendered":"https:\/\/prueba.latorredehortaleza.org\/?page_id=1211"},"modified":"2025-07-07T19:39:56","modified_gmt":"2025-07-07T17:39:56","slug":"equipo-humano","status":"publish","type":"page","link":"https:\/\/prueba.latorredehortaleza.org\/?page_id=1211","title":{"rendered":"Equipo humano"},"content":{"rendered":"\t\t<div data-elementor-type=\"wp-page\" data-elementor-id=\"1211\" class=\"elementor elementor-1211\">\n\t\t\t\t<div class=\"elementor-element elementor-element-0c54904 e-con-full e-flex e-con e-parent\" data-id=\"0c54904\" data-element_type=\"container\" data-settings=\"{&quot;background_background&quot;:&quot;classic&quot;}\">\n\t\t\t\t<div class=\"elementor-element elementor-element-935bf0f elementor-widget elementor-widget-heading\" data-id=\"935bf0f\" data-element_type=\"widget\" data-widget_type=\"heading.default\">\n\t\t\t\t\t<h2 class=\"elementor-heading-title elementor-size-default\">EQUIPO HUMANO<\/h2>\t\t\t\t<\/div>\n\t\t\t\t<\/div>\n\t\t<div class=\"elementor-element elementor-element-c22c655 e-con-full e-flex e-con e-child\" data-id=\"c22c655\" data-element_type=\"container\" data-settings=\"{&quot;background_background&quot;:&quot;classic&quot;}\">\n\t\t\t\t<\/div>\n\t\t<div class=\"elementor-element elementor-element-a54dc24 e-flex e-con-boxed e-con e-parent\" data-id=\"a54dc24\" data-element_type=\"container\" data-settings=\"{&quot;background_background&quot;:&quot;classic&quot;}\">\n\t\t\t\t\t<div class=\"e-con-inner\">\n\t\t<div class=\"elementor-element elementor-element-5766dc2 e-con-full e-flex e-con e-child\" data-id=\"5766dc2\" data-element_type=\"container\" data-settings=\"{&quot;background_background&quot;:&quot;classic&quot;}\">\n\t\t\t\t<\/div>\n\t\t\t\t\t<\/div>\n\t\t\t\t<\/div>\n\t\t<div class=\"elementor-element elementor-element-419f14e e-flex e-con-boxed e-con e-parent\" data-id=\"419f14e\" data-element_type=\"container\" data-settings=\"{&quot;background_background&quot;:&quot;classic&quot;}\">\n\t\t\t\t\t<div class=\"e-con-inner\">\n\t\t\t\t<div class=\"elementor-element elementor-element-386d937 elementor-widget elementor-widget-heading\" data-id=\"386d937\" data-element_type=\"widget\" data-widget_type=\"heading.default\">\n\t\t\t\t\t<h2 class=\"elementor-heading-title elementor-size-default\">JUNTA DIRECTIVA<\/h2>\t\t\t\t<\/div>\n\t\t\t\t<div class=\"elementor-element elementor-element-5963be4 elementor-widget__width-auto elementor-widget elementor-widget-text-editor\" data-id=\"5963be4\" data-element_type=\"widget\" data-widget_type=\"text-editor.default\">\n\t\t\t\t\t\t\t\t\t<p>La Junta Directiva de la Asociaci\u00f3n La Torre de Hortaleza est\u00e1 formada por seis personas voluntarias, elegidas por la asamblea de socios y socias para su representaci\u00f3n, con una duraci\u00f3n de cuatro a\u00f1os.<\/p><p>La Junta Directiva actual, con vigencia hasta octubre de 2025 como \u00d3rgano de Gobierno de laAsociaci\u00f3n, viene realizando las funciones que le atribuyen los estatutos, llevando a cabo la gesti\u00f3n y organizaci\u00f3n de todos los asuntos y actividades para la consecuci\u00f3n del objeto social.<\/p>\t\t\t\t\t\t\t\t<\/div>\n\t\t\t\t\t<\/div>\n\t\t\t\t<\/div>\n\t\t<div class=\"elementor-element elementor-element-84deebd e-flex e-con-boxed e-con e-parent\" data-id=\"84deebd\" data-element_type=\"container\" data-settings=\"{&quot;background_background&quot;:&quot;classic&quot;}\">\n\t\t\t\t\t<div class=\"e-con-inner\">\n\t\t<div class=\"elementor-element elementor-element-2dd1463 e-con-full e-flex e-con e-child\" data-id=\"2dd1463\" data-element_type=\"container\" data-settings=\"{&quot;background_background&quot;:&quot;classic&quot;}\">\n\t\t\t\t<\/div>\n\t\t\t\t\t<\/div>\n\t\t\t\t<\/div>\n\t\t<div class=\"elementor-element elementor-element-4a916aa e-flex e-con-boxed e-con e-parent\" data-id=\"4a916aa\" data-element_type=\"container\" data-settings=\"{&quot;background_background&quot;:&quot;classic&quot;}\">\n\t\t\t\t\t<div class=\"e-con-inner\">\n\t\t<div class=\"elementor-element elementor-element-ddfe5e8 e-con-full e-flex e-con e-child\" data-id=\"ddfe5e8\" data-element_type=\"container\" data-settings=\"{&quot;background_background&quot;:&quot;classic&quot;}\">\n\t\t\t\t<\/div>\n\t\t\t\t\t<\/div>\n\t\t\t\t<\/div>\n\t\t<div class=\"elementor-element elementor-element-5c4e965 e-flex e-con-boxed e-con e-parent\" data-id=\"5c4e965\" data-element_type=\"container\" data-settings=\"{&quot;background_background&quot;:&quot;classic&quot;}\">\n\t\t\t\t\t<div class=\"e-con-inner\">\n\t\t\t\t<div class=\"elementor-element elementor-element-cef46da elementor-widget elementor-widget-heading\" data-id=\"cef46da\" data-element_type=\"widget\" data-widget_type=\"heading.default\">\n\t\t\t\t\t<h2 class=\"elementor-heading-title elementor-size-default\">EQUIPO DE TRABAJO<\/h2>\t\t\t\t<\/div>\n\t\t\t\t\t<\/div>\n\t\t\t\t<\/div>\n\t\t<div class=\"elementor-element elementor-element-3442c3f e-flex e-con-boxed e-con e-parent\" data-id=\"3442c3f\" data-element_type=\"container\" data-settings=\"{&quot;background_background&quot;:&quot;classic&quot;}\">\n\t\t\t\t\t<div class=\"e-con-inner\">\n\t\t<div class=\"elementor-element elementor-element-cbf6e72 e-con-full e-flex e-con e-child\" data-id=\"cbf6e72\" data-element_type=\"container\" data-settings=\"{&quot;background_background&quot;:&quot;classic&quot;}\">\n\t\t\t\t<\/div>\n\t\t\t\t\t<\/div>\n\t\t\t\t<\/div>\n\t\t<div class=\"elementor-element elementor-element-ac2e263 e-flex e-con-boxed e-con e-parent\" data-id=\"ac2e263\" data-element_type=\"container\" data-settings=\"{&quot;background_background&quot;:&quot;classic&quot;}\">\n\t\t\t\t\t<div class=\"e-con-inner\">\n\t\t<div class=\"elementor-element elementor-element-25599db e-con-full e-flex e-con e-child\" data-id=\"25599db\" data-element_type=\"container\" data-settings=\"{&quot;background_background&quot;:&quot;classic&quot;}\">\n\t\t\t\t<\/div>\n\t\t<div class=\"elementor-element elementor-element-e838a6c e-con-full e-flex e-con e-child\" data-id=\"e838a6c\" data-element_type=\"container\" data-settings=\"{&quot;background_background&quot;:&quot;classic&quot;}\">\n\t\t\t\t<\/div>\n\t\t<div class=\"elementor-element elementor-element-57ed253 e-con-full e-flex e-con e-child\" data-id=\"57ed253\" data-element_type=\"container\" data-settings=\"{&quot;background_background&quot;:&quot;classic&quot;}\">\n\t\t\t\t<\/div>\n\t\t\t\t\t<\/div>\n\t\t\t\t<\/div>\n\t\t<div class=\"elementor-element elementor-element-7c19325 e-flex e-con-boxed e-con e-parent\" data-id=\"7c19325\" data-element_type=\"container\" data-settings=\"{&quot;background_background&quot;:&quot;classic&quot;}\">\n\t\t\t\t\t<div class=\"e-con-inner\">\n\t\t<div class=\"elementor-element elementor-element-9120557 e-con-full e-flex e-con e-child\" data-id=\"9120557\" data-element_type=\"container\">\n\t\t\t\t<div class=\"elementor-element elementor-element-7fac9b2 elementor-widget elementor-widget-text-editor\" data-id=\"7fac9b2\" data-element_type=\"widget\" data-widget_type=\"text-editor.default\">\n\t\t\t\t\t\t\t\t\t<p>DIRECTOR<\/p>\t\t\t\t\t\t\t\t<\/div>\n\t\t\t\t<div class=\"elementor-element elementor-element-323f18e elementor-widget elementor-widget-heading\" data-id=\"323f18e\" data-element_type=\"widget\" data-widget_type=\"heading.default\">\n\t\t\t\t\t<h2 class=\"elementor-heading-title elementor-size-default\">DANIEL GARC\u00cdA<\/h2>\t\t\t\t<\/div>\n\t\t\t\t<\/div>\n\t\t<div class=\"elementor-element elementor-element-3275bdb e-con-full e-flex e-con e-child\" data-id=\"3275bdb\" data-element_type=\"container\">\n\t\t\t\t<div class=\"elementor-element elementor-element-601d4f2 elementor-widget elementor-widget-heading\" data-id=\"601d4f2\" data-element_type=\"widget\" data-widget_type=\"heading.default\">\n\t\t\t\t\t<h2 class=\"elementor-heading-title elementor-size-default\">BEATRIZ FERN\u00c1NDEZ<\/h2>\t\t\t\t<\/div>\n\t\t\t\t<div class=\"elementor-element elementor-element-60c34c8 elementor-widget elementor-widget-text-editor\" data-id=\"60c34c8\" data-element_type=\"widget\" data-widget_type=\"text-editor.default\">\n\t\t\t\t\t\t\t\t\t<p>\u00c1REA GERENCIA<\/p>\t\t\t\t\t\t\t\t<\/div>\n\t\t\t\t<\/div>\n\t\t<div class=\"elementor-element elementor-element-bef4fa3 e-con-full e-flex e-con e-child\" data-id=\"bef4fa3\" data-element_type=\"container\">\n\t\t\t\t<div class=\"elementor-element elementor-element-05eeee4 elementor-widget elementor-widget-heading\" data-id=\"05eeee4\" data-element_type=\"widget\" data-widget_type=\"heading.default\">\n\t\t\t\t\t<h2 class=\"elementor-heading-title elementor-size-default\">PAULA L\u00d3PEZ<\/h2>\t\t\t\t<\/div>\n\t\t\t\t<div class=\"elementor-element elementor-element-a5b6fb8 elementor-widget elementor-widget-text-editor\" data-id=\"a5b6fb8\" data-element_type=\"widget\" data-widget_type=\"text-editor.default\">\n\t\t\t\t\t\t\t\t\t<p>\u00c1REA REFUERZO SOCIOEDUCATIVO<\/p>\t\t\t\t\t\t\t\t<\/div>\n\t\t\t\t<\/div>\n\t\t\t\t\t<\/div>\n\t\t\t\t<\/div>\n\t\t<div class=\"elementor-element elementor-element-d6d265d e-flex e-con-boxed e-con e-parent\" data-id=\"d6d265d\" data-element_type=\"container\" data-settings=\"{&quot;background_background&quot;:&quot;classic&quot;}\">\n\t\t\t\t\t<div class=\"e-con-inner\">\n\t\t<div class=\"elementor-element elementor-element-8566030 e-con-full e-flex e-con e-child\" data-id=\"8566030\" data-element_type=\"container\" data-settings=\"{&quot;background_background&quot;:&quot;classic&quot;}\">\n\t\t\t\t<\/div>\n\t\t\t\t\t<\/div>\n\t\t\t\t<\/div>\n\t\t<div class=\"elementor-element elementor-element-aaf3175 e-flex e-con-boxed e-con e-parent\" data-id=\"aaf3175\" data-element_type=\"container\" data-settings=\"{&quot;background_background&quot;:&quot;classic&quot;}\">\n\t\t\t\t\t<div class=\"e-con-inner\">\n\t\t<div class=\"elementor-element elementor-element-fc2aac2 e-con-full e-flex e-con e-child\" data-id=\"fc2aac2\" data-element_type=\"container\" data-settings=\"{&quot;background_background&quot;:&quot;classic&quot;}\">\n\t\t\t\t<\/div>\n\t\t<div class=\"elementor-element elementor-element-391e98d e-con-full e-flex e-con e-child\" data-id=\"391e98d\" data-element_type=\"container\" data-settings=\"{&quot;background_background&quot;:&quot;classic&quot;}\">\n\t\t\t\t<\/div>\n\t\t<div class=\"elementor-element elementor-element-49fbcb1 e-con-full e-flex e-con e-child\" data-id=\"49fbcb1\" data-element_type=\"container\" data-settings=\"{&quot;background_background&quot;:&quot;classic&quot;}\">\n\t\t\t\t<\/div>\n\t\t\t\t\t<\/div>\n\t\t\t\t<\/div>\n\t\t<div class=\"elementor-element elementor-element-04146cc e-flex e-con-boxed e-con e-parent\" data-id=\"04146cc\" data-element_type=\"container\" data-settings=\"{&quot;background_background&quot;:&quot;classic&quot;}\">\n\t\t\t\t\t<div class=\"e-con-inner\">\n\t\t<div class=\"elementor-element elementor-element-5d1cacb e-con-full e-flex e-con e-child\" data-id=\"5d1cacb\" data-element_type=\"container\">\n\t\t\t\t<div class=\"elementor-element elementor-element-52fcc41 elementor-widget elementor-widget-text-editor\" data-id=\"52fcc41\" data-element_type=\"widget\" data-widget_type=\"text-editor.default\">\n\t\t\t\t\t\t\t\t\t<p>\u00c1REA DEPORTIVA \u00c1REA VOLUNTARIADO<\/p>\t\t\t\t\t\t\t\t<\/div>\n\t\t\t\t<div class=\"elementor-element elementor-element-f752cff elementor-widget elementor-widget-heading\" data-id=\"f752cff\" data-element_type=\"widget\" data-widget_type=\"heading.default\">\n\t\t\t\t\t<h2 class=\"elementor-heading-title elementor-size-default\">RUT AGUDO<\/h2>\t\t\t\t<\/div>\n\t\t\t\t<\/div>\n\t\t<div class=\"elementor-element elementor-element-7341cba e-con-full e-flex e-con e-child\" data-id=\"7341cba\" data-element_type=\"container\">\n\t\t\t\t<div class=\"elementor-element elementor-element-2e121f5 elementor-widget elementor-widget-heading\" data-id=\"2e121f5\" data-element_type=\"widget\" data-widget_type=\"heading.default\">\n\t\t\t\t\t<h2 class=\"elementor-heading-title elementor-size-default\">RAQUEL FRAILE<\/h2>\t\t\t\t<\/div>\n\t\t\t\t<div class=\"elementor-element elementor-element-2f76a4e elementor-widget elementor-widget-text-editor\" data-id=\"2f76a4e\" data-element_type=\"widget\" data-widget_type=\"text-editor.default\">\n\t\t\t\t\t\t\t\t\t<p>\u00c1REA ATENCI\u00d3N SOCIOFAMILIAR<\/p>\t\t\t\t\t\t\t\t<\/div>\n\t\t\t\t<\/div>\n\t\t<div class=\"elementor-element elementor-element-23d2ea4 e-con-full e-flex e-con e-child\" data-id=\"23d2ea4\" data-element_type=\"container\">\n\t\t\t\t<div class=\"elementor-element elementor-element-5277e4b elementor-widget elementor-widget-heading\" data-id=\"5277e4b\" data-element_type=\"widget\" data-widget_type=\"heading.default\">\n\t\t\t\t\t<h2 class=\"elementor-heading-title elementor-size-default\">\u00c1LVARO MOR\u00c1N<\/h2>\t\t\t\t<\/div>\n\t\t\t\t<div class=\"elementor-element elementor-element-e1c3269 elementor-widget elementor-widget-text-editor\" data-id=\"e1c3269\" data-element_type=\"widget\" data-widget_type=\"text-editor.default\">\n\t\t\t\t\t\t\t\t\t<p>\u00c1READEPORTIVA Y ATENCI\u00d3N SOCIAL<\/p>\t\t\t\t\t\t\t\t<\/div>\n\t\t\t\t<\/div>\n\t\t\t\t\t<\/div>\n\t\t\t\t<\/div>\n\t\t<div class=\"elementor-element elementor-element-7bbc730 e-flex e-con-boxed e-con e-parent\" data-id=\"7bbc730\" data-element_type=\"container\" data-settings=\"{&quot;background_background&quot;:&quot;classic&quot;}\">\n\t\t\t\t\t<div class=\"e-con-inner\">\n\t\t<div class=\"elementor-element elementor-element-e21785c e-con-full e-flex e-con e-child\" data-id=\"e21785c\" data-element_type=\"container\" data-settings=\"{&quot;background_background&quot;:&quot;classic&quot;}\">\n\t\t\t\t<\/div>\n\t\t\t\t\t<\/div>\n\t\t\t\t<\/div>\n\t\t<div class=\"elementor-element elementor-element-13a8751 e-con-full e-flex e-con e-child\" data-id=\"13a8751\" data-element_type=\"container\" data-settings=\"{&quot;background_background&quot;:&quot;classic&quot;}\">\n\t\t\t\t<\/div>\n\t\t<div class=\"elementor-element elementor-element-d6014d0 e-flex e-con-boxed e-con e-parent\" data-id=\"d6014d0\" data-element_type=\"container\" data-settings=\"{&quot;background_background&quot;:&quot;classic&quot;}\">\n\t\t\t\t\t<div class=\"e-con-inner\">\n\t\t\t\t\t<\/div>\n\t\t\t\t<\/div>\n\t\t\t\t<\/div>\n\t\t","protected":false},"excerpt":{"rendered":"<p>EQUIPO HUMANO JUNTA DIRECTIVA La Junta Directiva de la Asociaci\u00f3n La Torre de Hortaleza est\u00e1 formada por seis personas voluntarias, elegidas por la asamblea de socios y socias para su representaci\u00f3n, con una duraci\u00f3n de cuatro a\u00f1os. La Junta Directiva actual, con vigencia hasta octubre de 2025 como \u00d3rgano de Gobierno de laAsociaci\u00f3n, viene realizando [&hellip;]<\/p>\n","protected":false},"author":1,"featured_media":0,"parent":0,"menu_order":0,"comment_status":"closed","ping_status":"closed","template":"","meta":{"footnotes":""},"class_list":["post-1211","page","type-page","status-publish","hentry"],"_links":{"self":[{"href":"https:\/\/prueba.latorredehortaleza.org\/index.php?rest_route=\/wp\/v2\/pages\/1211","targetHints":{"allow":["GET"]}}],"collection":[{"href":"https:\/\/prueba.latorredehortaleza.org\/index.php?rest_route=\/wp\/v2\/pages"}],"about":[{"href":"https:\/\/prueba.latorredehortaleza.org\/index.php?rest_route=\/wp\/v2\/types\/page"}],"author":[{"embeddable":true,"href":"https:\/\/prueba.latorredehortaleza.org\/index.php?rest_route=\/wp\/v2\/users\/1"}],"replies":[{"embeddable":true,"href":"https:\/\/prueba.latorredehortaleza.org\/index.php?rest_route=%2Fwp%2Fv2%2Fcomments&post=1211"}],"version-history":[{"count":253,"href":"https:\/\/prueba.latorredehortaleza.org\/index.php?rest_route=\/wp\/v2\/pages\/1211\/revisions"}],"predecessor-version":[{"id":3100,"href":"https:\/\/prueba.latorredehortaleza.org\/index.php?rest_route=\/wp\/v2\/pages\/1211\/revisions\/3100"}],"wp:attachment":[{"href":"https:\/\/prueba.latorredehortaleza.org\/index.php?rest_route=%2Fwp%2Fv2%2Fmedia&parent=1211"}],"curies":[{"name":"wp","href":"https:\/\/api.w.org\/{rel}","templated":true}]}}